{"id":825,"date":"2013-04-29T18:29:52","date_gmt":"2013-04-29T16:29:52","guid":{"rendered":"http:\/\/www.stephan-holze.de\/?page_id=825"},"modified":"2024-05-31T06:39:53","modified_gmt":"2024-05-31T04:39:53","slug":"home","status":"publish","type":"page","link":"http:\/\/stephan-holze.de\/","title":{"rendered":"Willkommen"},"content":{"rendered":"\n<p>Sie sind hier auf der Seite von Stephan Holze. Ich unterrichte an der Staatlichen Wirtschaftsschule Bad Neustadt die F\u00e4cher Deutsch, Geschichte, Politik und Ethik. Daneben darf ich als Schulentwicklungsmoderator berufliche Schulen im Regierungsbezirk Unterfranken begleiten. Als Sprecher des Innovationsteams digitale Bildung darf ich meine Leidenschaft mit anderen teilen. Auf meiner Seite finden Sie Informationen zu laufenden Projekten und Fortbildungen, aber auch \u00dcberlegungen zum Einsatz digitaler Medien im Unterricht &#8211; und auch ein wenig Privates.<\/p>\n\n\n\n<div class=\"wp-block-columns alignwide is-layout-flex wp-container-core-columns-is-layout-28f84493 wp-block-columns-is-layout-flex\">\n<div class=\"wp-block-column is-layout-flow wp-block-column-is-layout-flow\">\n<figure class=\"wp-block-image size-full\"><img loading=\"lazy\" decoding=\"async\" width=\"800\" height=\"300\" src=\"https:\/\/stephan-holze.de\/wp-content\/uploads\/2024\/01\/KI-in-der-Schule-1.jpg\" alt=\"\" class=\"wp-image-2142\" srcset=\"http:\/\/stephan-holze.de\/wp-content\/uploads\/2024\/01\/KI-in-der-Schule-1.jpg 800w, http:\/\/stephan-holze.de\/wp-content\/uploads\/2024\/01\/KI-in-der-Schule-1-300x113.jpg 300w, http:\/\/stephan-holze.de\/wp-content\/uploads\/2024\/01\/KI-in-der-Schule-1-768x288.jpg 768w\" sizes=\"auto, (max-width: 800px) 100vw, 800px\" \/><\/figure>\n<\/div>\n\n\n\n<div class=\"wp-block-column is-layout-flow wp-block-column-is-layout-flow\">\n<figure class=\"wp-block-image size-full\"><a href=\"https:\/\/mz-rg.taskcards.app\/#\/board\/32a65ba3-57b0-48fa-b874-6203139e2f53\" target=\"_blank\" rel=\"noreferrer noopener\"><img loading=\"lazy\" decoding=\"async\" width=\"800\" height=\"300\" src=\"https:\/\/stephan-holze.de\/wp-content\/uploads\/2024\/01\/KI-in-der-Schule.jpg\" alt=\"\" class=\"wp-image-2141\" srcset=\"http:\/\/stephan-holze.de\/wp-content\/uploads\/2024\/01\/KI-in-der-Schule.jpg 800w, http:\/\/stephan-holze.de\/wp-content\/uploads\/2024\/01\/KI-in-der-Schule-300x113.jpg 300w, http:\/\/stephan-holze.de\/wp-content\/uploads\/2024\/01\/KI-in-der-Schule-768x288.jpg 768w\" sizes=\"auto, (max-width: 800px) 100vw, 800px\" \/><\/a><\/figure>\n<\/div>\n\n\n\n<div class=\"wp-block-column is-layout-flow wp-block-column-is-layout-flow\">\n<figure class=\"wp-block-image size-full\"><img loading=\"lazy\" decoding=\"async\" width=\"800\" height=\"300\" src=\"https:\/\/stephan-holze.de\/wp-content\/uploads\/2024\/01\/lernprodukte.jpg\" alt=\"\" class=\"wp-image-2143\" srcset=\"http:\/\/stephan-holze.de\/wp-content\/uploads\/2024\/01\/lernprodukte.jpg 800w, http:\/\/stephan-holze.de\/wp-content\/uploads\/2024\/01\/lernprodukte-300x113.jpg 300w, http:\/\/stephan-holze.de\/wp-content\/uploads\/2024\/01\/lernprodukte-768x288.jpg 768w\" sizes=\"auto, (max-width: 800px) 100vw, 800px\" \/><\/figure>\n<\/div>\n<\/div>\n\n\n\n<div class=\"wp-block-columns alignwide is-layout-flex wp-container-core-columns-is-layout-28f84493 wp-block-columns-is-layout-flex\">\n<div class=\"wp-block-column is-layout-flow wp-block-column-is-layout-flow\">\n<figure class=\"wp-block-image size-full\"><img loading=\"lazy\" decoding=\"async\" width=\"675\" height=\"675\" src=\"http:\/\/stephan-holze.de\/wp-content\/uploads\/2023\/03\/workflow.png\" alt=\"\" class=\"wp-image-1828\" srcset=\"http:\/\/stephan-holze.de\/wp-content\/uploads\/2023\/03\/workflow.png 675w, http:\/\/stephan-holze.de\/wp-content\/uploads\/2023\/03\/workflow-300x300.png 300w, http:\/\/stephan-holze.de\/wp-content\/uploads\/2023\/03\/workflow-150x150.png 150w\" sizes=\"auto, (max-width: 675px) 100vw, 675px\" \/><\/figure>\n<\/div>\n\n\n\n<div class=\"wp-block-column is-layout-flow wp-block-column-is-layout-flow\">\n<figure class=\"wp-block-image size-full\"><a href=\"https:\/\/stephan-holze.de\/ressourcen\/\"><img loading=\"lazy\" decoding=\"async\" width=\"540\" height=\"540\" src=\"http:\/\/stephan-holze.de\/wp-content\/uploads\/2023\/04\/links.png\" alt=\"\" class=\"wp-image-2106\" srcset=\"http:\/\/stephan-holze.de\/wp-content\/uploads\/2023\/04\/links.png 540w, http:\/\/stephan-holze.de\/wp-content\/uploads\/2023\/04\/links-300x300.png 300w, http:\/\/stephan-holze.de\/wp-content\/uploads\/2023\/04\/links-150x150.png 150w\" sizes=\"auto, (max-width: 540px) 100vw, 540px\" \/><\/a><\/figure>\n<\/div>\n\n\n\n<div class=\"wp-block-column is-layout-flow wp-block-column-is-layout-flow\">\n<figure class=\"wp-block-image size-full\"><img loading=\"lazy\" decoding=\"async\" width=\"540\" height=\"540\" src=\"https:\/\/stephan-holze.de\/wp-content\/uploads\/2023\/04\/diskussion.png\" alt=\"\" class=\"wp-image-2103\" srcset=\"http:\/\/stephan-holze.de\/wp-content\/uploads\/2023\/04\/diskussion.png 540w, http:\/\/stephan-holze.de\/wp-content\/uploads\/2023\/04\/diskussion-300x300.png 300w, http:\/\/stephan-holze.de\/wp-content\/uploads\/2023\/04\/diskussion-150x150.png 150w\" sizes=\"auto, (max-width: 540px) 100vw, 540px\" \/><\/figure>\n<\/div>\n<\/div>\n\n\n\n<div class=\"wp-block-columns is-layout-flex wp-container-core-columns-is-layout-28f84493 wp-block-columns-is-layout-flex\">\n<div class=\"wp-block-column is-layout-flow wp-block-column-is-layout-flow\">\n<h6 class=\"wp-block-heading\">letzte Beitr\u00e4ge&#8230;<\/h6>\n\n\n<ul class=\"wp-block-latest-posts__list has-dates wp-block-latest-posts\"><li><a class=\"wp-block-latest-posts__post-title\" href=\"http:\/\/stephan-holze.de\/2023\/04\/06\/wie-entsteht-literatur\/\">Wie entsteht Literatur?<\/a><time datetime=\"2023-04-06T21:03:53+02:00\" class=\"wp-block-latest-posts__post-date\">6. April 2023<\/time><div class=\"wp-block-latest-posts__post-excerpt\">Welchen Krimi hast du als letztes gelesen? Oder war es ein Liebes- oder Fantasyroman? Hast du dich gefragt, wie der Autor auf die Geschichte kam und der Roman entstand? Hier\u2026\u00a0<a class=\"wp-block-latest-posts__read-more\" href=\"http:\/\/stephan-holze.de\/2023\/04\/06\/wie-entsteht-literatur\/\" rel=\"noopener noreferrer\"><span class=\"screen-reader-text\">Wie entsteht Literatur? <\/span>weiterlesen<\/a><\/div><\/li>\n<li><a class=\"wp-block-latest-posts__post-title\" href=\"http:\/\/stephan-holze.de\/2023\/04\/06\/1848-49\/\">1848\/49<\/a><time datetime=\"2023-04-06T20:58:31+02:00\" class=\"wp-block-latest-posts__post-date\">6. April 2023<\/time><div class=\"wp-block-latest-posts__post-excerpt\">Als &#8222;gescheiterte&#8220; Revolution steht &#8222;1848\/49&#8220; im Schatten anderer historischer Wegmarken. Dabei hatten die Ereignisse eine katalysierende Wirkung f\u00fcr die Demokratisierung europ\u00e4ischer Gesellschaften. Aus Politik und Zeitgeschichte &#8211; Zeitschrift https:\/\/www.bpb.de\/shop\/zeitschriften\/apuz\/apuz-1848-49-2023\/<\/div><\/li>\n<li><a class=\"wp-block-latest-posts__post-title\" href=\"http:\/\/stephan-holze.de\/2023\/04\/06\/100-jahre-politischer-mord-in-deutschland\/\">100 Jahre politischer Mord in Deutschland<\/a><time datetime=\"2023-04-06T20:05:19+02:00\" class=\"wp-block-latest-posts__post-date\">6. April 2023<\/time><div class=\"wp-block-latest-posts__post-excerpt\">Sehnsucht nach der Monarchie In der jungen Weimarer Republik werden demokratische Politiker vielfach angefeindet und bedroht. Eine romantische Verehrung hingegen erfahren Vertreter der 1918 untergegangenen Monarchie. Podcast &#8211; Deutschlandfunk https:\/\/www.deutschlandfunkkultur.de\/100-jahre-politischer-mord-in-deutschland-sehnsucht-nach.976.de.html?dram:article_id=505068<\/div><\/li>\n<li><a class=\"wp-block-latest-posts__post-title\" href=\"http:\/\/stephan-holze.de\/2023\/04\/06\/heinrich-schliemann-der-schatzsucher-und-seine-beute\/\">Heinrich Schliemann &#8211; Der Schatzsucher und seine Beute<\/a><time datetime=\"2023-04-06T19:49:04+02:00\" class=\"wp-block-latest-posts__post-date\">6. April 2023<\/time><div class=\"wp-block-latest-posts__post-excerpt\">Er beginnt als Kr\u00e4mergehilfe, verdient in Kalifornien und Russland Millionen. Erst im reiferen Alter zieht Heinrich Schliemann los, um Troja auszugraben. Medienwirksam inszeniert er sich und seine Funde, bef\u00f6rdert so\u2026\u00a0<a class=\"wp-block-latest-posts__read-more\" href=\"http:\/\/stephan-holze.de\/2023\/04\/06\/heinrich-schliemann-der-schatzsucher-und-seine-beute\/\" rel=\"noopener noreferrer\"><span class=\"screen-reader-text\">Heinrich Schliemann &#8211; Der Schatzsucher und seine Beute <\/span>weiterlesen<\/a><\/div><\/li>\n<li><a class=\"wp-block-latest-posts__post-title\" href=\"http:\/\/stephan-holze.de\/2023\/03\/26\/cryptpad\/\">cryptpad<\/a><time datetime=\"2023-03-26T17:21:14+02:00\" class=\"wp-block-latest-posts__post-date\">26. M\u00e4rz 2023<\/time><div class=\"wp-block-latest-posts__post-excerpt\">Beschreibung CryptPad ist ein kostenloser, Open-Source-Online-Dienst f\u00fcr sichere Zusammenarbeit und Datenspeicherung. Es bietet eine sichere Plattform f\u00fcr das Erstellen und Teilen von Dokumenten, Tabellenkalkulationen, Pr\u00e4sentationen und Notizen, die Ende-zu-Ende verschl\u00fcsselt\u2026\u00a0<a class=\"wp-block-latest-posts__read-more\" href=\"http:\/\/stephan-holze.de\/2023\/03\/26\/cryptpad\/\" rel=\"noopener noreferrer\"><span class=\"screen-reader-text\">cryptpad <\/span>weiterlesen<\/a><\/div><\/li>\n<\/ul><\/div>\n\n\n\n<div class=\"wp-block-column is-layout-flow wp-block-column-is-layout-flow\">\n<h6 class=\"wp-block-heading\">letzte Kommentare&#8230;<\/h6>\n\n\n<ol class=\"has-avatars has-dates has-excerpts wp-block-latest-comments\"><li class=\"wp-block-latest-comments__comment\"><img alt='' src='https:\/\/secure.gravatar.com\/avatar\/97ef7ede341ca20d249f4a2e8c6f8c254919343b9c5953ca52bd7912d6cc27ce?s=48&#038;d=mm&#038;r=g' srcset='https:\/\/secure.gravatar.com\/avatar\/97ef7ede341ca20d249f4a2e8c6f8c254919343b9c5953ca52bd7912d6cc27ce?s=96&#038;d=mm&#038;r=g 2x' class='avatar avatar-48 photo wp-block-latest-comments__comment-avatar' height='48' width='48' \/><article><footer class=\"wp-block-latest-comments__comment-meta\"><a class=\"wp-block-latest-comments__comment-author\" href=\"http:\/\/www.mitarbeitsapp.de\">Stefan Heizmann<\/a> zu <a class=\"wp-block-latest-comments__comment-link\" href=\"http:\/\/stephan-holze.de\/impressum\/#comment-67\">Impressum<\/a><time datetime=\"2020-08-17T17:01:30+02:00\" class=\"wp-block-latest-comments__comment-date\">17. August 2020<\/time><\/footer><div class=\"wp-block-latest-comments__comment-excerpt\"><p>Sehr geehrter Herr Holze, ich m\u00f6chte Sie gerne auf die eine neue App f\u00fcr den Unterricht hinweisen. Die App l\u00f6scht&hellip;<\/p>\n<\/div><\/article><\/li><li class=\"wp-block-latest-comments__comment\"><img alt='' src='https:\/\/secure.gravatar.com\/avatar\/cf787c530cb7aca12f5a12c935e8023cc761df6ecca493eb4571c6e357f89a4b?s=48&#038;d=mm&#038;r=g' srcset='https:\/\/secure.gravatar.com\/avatar\/cf787c530cb7aca12f5a12c935e8023cc761df6ecca493eb4571c6e357f89a4b?s=96&#038;d=mm&#038;r=g 2x' class='avatar avatar-48 photo wp-block-latest-comments__comment-avatar' height='48' width='48' \/><article><footer class=\"wp-block-latest-comments__comment-meta\"><a class=\"wp-block-latest-comments__comment-author\" href=\"http:\/\/www.getblogo.com\">Amure Pinho<\/a> zu <a class=\"wp-block-latest-comments__comment-link\" href=\"http:\/\/stephan-holze.de\/2016\/04\/14\/blogo-und-andere-app-entwickler-nerven\/#comment-331\">Blogo (und andere App-Entwickler) nerven<\/a><time datetime=\"2016-04-18T22:38:00+02:00\" class=\"wp-block-latest-comments__comment-date\">18. April 2016<\/time><\/footer><div class=\"wp-block-latest-comments__comment-excerpt\"><p>Hello Stephan, My name is Amure, I&#8217;m Blogo&#8217;s CEO. We will help and we will fix. We are open to&hellip;<\/p>\n<\/div><\/article><\/li><li class=\"wp-block-latest-comments__comment\"><img alt='' src='https:\/\/secure.gravatar.com\/avatar\/8f8dff7125421795fbec78afe203db62be671bf3409cdb2cb91961b63d2052dc?s=48&#038;d=mm&#038;r=g' srcset='https:\/\/secure.gravatar.com\/avatar\/8f8dff7125421795fbec78afe203db62be671bf3409cdb2cb91961b63d2052dc?s=96&#038;d=mm&#038;r=g 2x' class='avatar avatar-48 photo wp-block-latest-comments__comment-avatar' height='48' width='48' \/><article><footer class=\"wp-block-latest-comments__comment-meta\"><a class=\"wp-block-latest-comments__comment-author\" href=\"http:\/\/stephan-holze.de\/author\/sgw\/\">kceyow<\/a> zu <a class=\"wp-block-latest-comments__comment-link\" href=\"http:\/\/stephan-holze.de\/2016\/04\/14\/blogo-und-andere-app-entwickler-nerven\/#comment-330\">Blogo (und andere App-Entwickler) nerven<\/a><time datetime=\"2016-04-16T11:37:10+02:00\" class=\"wp-block-latest-comments__comment-date\">16. April 2016<\/time><\/footer><div class=\"wp-block-latest-comments__comment-excerpt\"><p>Hallo Herr Rau, ich hatte eigentlich die Version f\u00fcr OS X gemeint, auf dem iPad verwende ich die App von&hellip;<\/p>\n<\/div><\/article><\/li><li class=\"wp-block-latest-comments__comment\"><img alt='' src='https:\/\/secure.gravatar.com\/avatar\/2aada4356a5ba03abd4c921cc8ecc16ad810ee7555bcd0b1b136e66a7b1f97df?s=48&#038;d=mm&#038;r=g' srcset='https:\/\/secure.gravatar.com\/avatar\/2aada4356a5ba03abd4c921cc8ecc16ad810ee7555bcd0b1b136e66a7b1f97df?s=96&#038;d=mm&#038;r=g 2x' class='avatar avatar-48 photo wp-block-latest-comments__comment-avatar' height='48' width='48' \/><article><footer class=\"wp-block-latest-comments__comment-meta\"><a class=\"wp-block-latest-comments__comment-author\" href=\"http:\/\/www.herr-rau.de\">Herr Rau<\/a> zu <a class=\"wp-block-latest-comments__comment-link\" href=\"http:\/\/stephan-holze.de\/2016\/04\/14\/blogo-und-andere-app-entwickler-nerven\/#comment-329\">Blogo (und andere App-Entwickler) nerven<\/a><time datetime=\"2016-04-16T07:40:24+02:00\" class=\"wp-block-latest-comments__comment-date\">16. April 2016<\/time><\/footer><div class=\"wp-block-latest-comments__comment-excerpt\"><p>&gt;BTW: Wei\u00df jemand, wie ich wieder auf Version 2 downgraden kann? Die Tage, dass ich ein iPad hat, sind lange&hellip;<\/p>\n<\/div><\/article><\/li><li class=\"wp-block-latest-comments__comment\"><img alt='' src='https:\/\/secure.gravatar.com\/avatar\/2a3ae7c6a17d75bb1b97a0468f76b5f9af135f53baa273ad9c72ae29f6948ebe?s=48&#038;d=mm&#038;r=g' srcset='https:\/\/secure.gravatar.com\/avatar\/2a3ae7c6a17d75bb1b97a0468f76b5f9af135f53baa273ad9c72ae29f6948ebe?s=96&#038;d=mm&#038;r=g 2x' class='avatar avatar-48 photo wp-block-latest-comments__comment-avatar' height='48' width='48' \/><article><footer class=\"wp-block-latest-comments__comment-meta\"><span class=\"wp-block-latest-comments__comment-author\">Michael Holze<\/span> zu <a class=\"wp-block-latest-comments__comment-link\" href=\"http:\/\/stephan-holze.de\/2015\/05\/15\/boston\/#comment-328\">Boston\u00a0<\/a><time datetime=\"2015-05-15T21:40:29+02:00\" class=\"wp-block-latest-comments__comment-date\">15. Mai 2015<\/time><\/footer><div class=\"wp-block-latest-comments__comment-excerpt\"><p>Hallo ihr zwei, da will ich doch gleich mal noch einen Kommentar schreiben. Mich hatte es wirklich schlimm erwischt. Eine&hellip;<\/p>\n<\/div><\/article><\/li><\/ol><\/div>\n<\/div>\n","protected":false},"excerpt":{"rendered":"<p>Sie sind hier auf der Seite von Stephan Holze. Ich unterrichte an der Staatlichen Wirtschaftsschule Bad Neustadt die F\u00e4cher Deutsch, Geschichte, Politik und Ethik. Daneben darf ich als Schulentwicklungsmoderator berufliche Schulen im Regierungsbezirk Unterfranken begleiten. Als Sprecher des Innovationsteams digitale Bildung darf ich meine Leidenschaft mit anderen teilen. Auf meiner Seite finden Sie Informationen zu [&hellip;]<\/p>\n","protected":false},"author":1,"featured_media":0,"parent":0,"menu_order":0,"comment_status":"closed","ping_status":"closed","template":"","meta":{"_eb_attr":"","footnotes":""},"class_list":["post-825","page","type-page","status-publish","hentry"],"_links":{"self":[{"href":"http:\/\/stephan-holze.de\/wp-json\/wp\/v2\/pages\/825","targetHints":{"allow":["GET"]}}],"collection":[{"href":"http:\/\/stephan-holze.de\/wp-json\/wp\/v2\/pages"}],"about":[{"href":"http:\/\/stephan-holze.de\/wp-json\/wp\/v2\/types\/page"}],"author":[{"embeddable":true,"href":"http:\/\/stephan-holze.de\/wp-json\/wp\/v2\/users\/1"}],"replies":[{"embeddable":true,"href":"http:\/\/stephan-holze.de\/wp-json\/wp\/v2\/comments?post=825"}],"version-history":[{"count":30,"href":"http:\/\/stephan-holze.de\/wp-json\/wp\/v2\/pages\/825\/revisions"}],"predecessor-version":[{"id":2152,"href":"http:\/\/stephan-holze.de\/wp-json\/wp\/v2\/pages\/825\/revisions\/2152"}],"wp:attachment":[{"href":"http:\/\/stephan-holze.de\/wp-json\/wp\/v2\/media?parent=825"}],"curies":[{"name":"wp","href":"https:\/\/api.w.org\/{rel}","templated":true}]}}